{"id":145,"date":"2020-02-16T15:33:14","date_gmt":"2020-02-16T15:33:14","guid":{"rendered":"http:\/\/www.katki.savakademi.org\/index.php\/yazarlara\/"},"modified":"2020-08-19T14:15:09","modified_gmt":"2020-08-19T14:15:09","slug":"instruction-for-authors","status":"publish","type":"page","link":"http:\/\/www.katki.savakademi.org\/index.php\/instruction-for-authors\/?lang=en","title":{"rendered":"Instruct\u0131on For Authors"},"content":{"rendered":"<p>[vc_row css=&#8221;.vc_custom_1581864942770{padding-top: 30px !important;}&#8221;][vc_column][vc_text_separator title=&#8221;SUBMISSION&#8221; title_align=&#8221;separator_align_left&#8221; align=&#8221;align_left&#8221; color=&#8221;custom&#8221; css_animation=&#8221;fadeInRight&#8221; accent_color=&#8221;#ed1c24&#8243;][vc_column_text]Papers, published in the <em>Katk\u0131<\/em> e-journal, should be\u00a0 in accordance with the purpose and the scope of the journal, and meet the scientific criteria. Content of the journal is licenced under <a href=\"https:\/\/creativecommons.org\/licenses\/by-nc\/4.0\/\">Creative Commons Attribution-Noncommercial 4.0 International Licence<\/a> (CC-BY-NC). No submission or publication fees are requested from the authors.<\/p>\n<p>The Social Research Foundation owns all the publishing rights of the articles accepted to be published in Katk\u0131 e-Journal. To use the article outside the journal, prior written permission is required from the Social Research Foundation.\u00a0 All opinions in the published papers belongs to their authors.<\/p>\n<p><strong>Manuscript Submission Guidelines:<\/strong> Manuscripts must be sent electronically to <a href=\"mailto:sav@katki.savakademi.org\"><strong>sav@katki.savakademi.org<\/strong><\/a> in Word format both in Turkish and English. Author\u2019s name, address, phone number, e-mail address and maximum three lines of note introducing the author must be included in the cover page. Manuscripts should be no longer than 12 000 words. Title, abstract (no longer than 200 words) and keywords (no more than 5 words), both in Turkish and English, are to be put before the main text.<\/p>\n<p>The submitted articles should not been previously published or submitted simultaneously to another journal, <strong>\u00a0<\/strong>namely should not be under consideration for any other publication at the same time. Studies derived from sources such as dissertations, papers and presentations necessarily should be stated as \u201cauthor\u2019s note\u201d in the cover page.<\/p>\n<p>Katk\u0131 e-journal also includes contents in different formats such as reviews, interviews, translations, conference notes if deemed appropriate by the Editorial Board.<\/p>\n<p>For more information please contact <strong>sav@katki.savakademi.org<\/strong><\/p>\n<p>Contact person: Dr. Selma De\u011firmenci. (<a href=\"mailto:de\u011firmencis@gmail.com\">de\u011firmencis@gmail.com<\/a>)[\/vc_column_text][\/vc_column][\/vc_row][vc_row css=&#8221;.vc_custom_1581864942770{padding-top: 30px !important;}&#8221;][vc_column][vc_text_separator title=&#8221;EVALUATION PROCESS&#8221; title_align=&#8221;separator_align_left&#8221; align=&#8221;align_left&#8221; color=&#8221;custom&#8221; css_animation=&#8221;fadeInRight&#8221; accent_color=&#8221;#ed1c24&#8243;][vc_column_text]The authors should submit their papers according to the paper submission guidelines. The status of the submitted papers\u00a0 (Acceptance, Revision Request or Rejection) is informed to the authors in written within 15 days after being evaluated by the Editorial Board.<\/p>\n<p><em>Katk\u0131<\/em> is a <strong>double-blind peer-reviewed<\/strong> online journal. The manuscripts accepted by the Editorial Board are reviewed by at least two referees and the results are reported. In case of discordance between two referees, a third referee is consulted. In accordance with referees\u2019 reports, the paper is either accepted or should be revised or rejected. The authors are informed of the result in written at the latest two months after the paper submission.<\/p>\n<p>The authors are required to make all the changes advised by the Editorial Board during the submission process or by the referees during the evaluation process. In case that the author disagrees with the relevant changes, s\/he should contact the Editorial Board and justify her\/his opposition in written.[\/vc_column_text][\/vc_column][\/vc_row][vc_row css=&#8221;.vc_custom_1581864942770{padding-top: 30px !important;}&#8221;][vc_column][vc_text_separator title=&#8221;WRITING RULES&#8221; title_align=&#8221;separator_align_left&#8221; align=&#8221;align_left&#8221; color=&#8221;custom&#8221; css_animation=&#8221;fadeInRight&#8221; accent_color=&#8221;#ed1c24&#8243;][vc_column_text]<\/p>\n<ul>\n<li>Yaz\u0131lar T\u00fcrk\u00e7e veya \u0130ngilizce olarak Word dosyas\u0131nda elektronik olarak <a href=\"mailto:sav@katki.savakademi.org\">sav@katki.savakademi.org<\/a> mail adresine g\u00f6nderilmelidir.<\/li>\n<li>Yaz\u0131n\u0131n ba\u015fl\u0131\u011f\u0131ndan sonra yazar\u0131n ad\u0131 bulunmal\u0131 ve bir dipnotta yazar\u0131n bulundu\u011fu kurum, \u00fcnvan\u0131, e-posta adresi belirtilmelidir.<\/li>\n<li>Yaz\u0131lar kaynak\u00e7a hari\u00e7 12 bin kelimeyi ge\u00e7memeli, 6 bin kelimeden az olmamal\u0131d\u0131r.<\/li>\n<li>Makalelerde \u00f6zel (en fazla 200 kelime) ve anahtar kelimeler (en fazla 5 kelime) T\u00fcrk\u00e7e ve \u0130ngilizce olarak metinden \u00f6nce yer almal\u0131d\u0131r.<\/li>\n<li>G\u00f6nderilen yaz\u0131lar\u0131n daha \u00f6nce ba\u015fka bir yerde yay\u0131mlanmam\u0131\u015f veya yay\u0131mlanmak \u00fczere e\u015f zamanl\u0131 olarak ba\u015fka bir yere g\u00f6nderilmemi\u015f olmas\u0131 gerekir. Tez bildiri, sunum gibi kaynaklardan haz\u0131rlanan \u00e7al\u0131\u015fmalar mutlaka kapak sayfas\u0131nda \u2018yazar notu\u2019 olarak belirtilmelidir.<\/li>\n<li>Metin Times New Roman yaz\u0131 tipinde, 12 punto ve 1,5 sat\u0131r aral\u0131\u011f\u0131 ile yaz\u0131lmal\u0131d\u0131r.<\/li>\n<li>\u00dc\u00e7 sat\u0131r\u0131 a\u015fan do\u011frudan al\u0131nt\u0131lar, 11 punto ve 1 sat\u0131r aral\u0131\u011f\u0131 ile sa\u011fdan ve soldan 1,5 cm girintili \u015fekilde yaz\u0131lmal\u0131d\u0131r. Al\u0131nt\u0131dan \u00f6nce iki nokta (:) kullan\u0131lmal\u0131 ve al\u0131nt\u0131 t\u0131rnak i\u00e7erisine al\u0131nmamal\u0131d\u0131r.<\/li>\n<li>\u0130ki kelime aras\u0131ndaki bo\u015flu\u011fun birden fazla olmamas\u0131na dikkat edilmelidir.<\/li>\n<li>-c\u0131, -l\u0131 gibi yap\u0131m eklerinin \u00f6zel isimlere eklendi\u011finde kesme i\u015faretiyle ayr\u0131lmamas\u0131na, yine dil adlar\u0131na gelen eklerin ayr\u0131lmamas\u0131 dikkat edilmelidir.<br \/>\nHegel&#8217;ci (yanl\u0131\u015f), Hegelci (do\u011fru); Porto Rico&#8217;lu(yanl\u0131\u015f); T\u00fcrk\u00e7e\u2019nin (yanl\u0131\u015f) T\u00fcrk\u00e7enin (do\u011fru).<\/li>\n<\/ul>\n<p>&nbsp;<\/p>\n<p><strong>Temel Referans Kurallar\u0131:<\/strong><\/p>\n<p>&nbsp;<\/p>\n<ul>\n<li>Yaz\u0131 i\u00e7inde bir yazar\u0131n ismi ilk defa ge\u00e7ti\u011finde mutlaka \u00f6n ismi ile yaz\u0131lmal\u0131d\u0131r. Fakat sonraki tekrarlarda yaln\u0131zca soy isimin kullan\u0131lmas\u0131 yeterlidir.<\/li>\n<li>Metin i\u00e7i kaynak g\u00f6sterme tercih edilmeli, kaynaklar dipnot \u015feklinde g\u00f6sterilmemelidir.<\/li>\n<li>Yaz\u0131n\u0131n ak\u0131\u015f\u0131n\u0131 bozacak referanslar kaynakla detayland\u0131r\u0131lmal\u0131d\u0131r.<\/li>\n<li>Metin i\u00e7i kaynak g\u00f6sterirken nokta, mutlaka parantezden sonra konulmal\u0131d\u0131r;<br \/>\n\u201cKapitalist \u00fcretim tarz\u0131n\u0131n egemen oldu\u011fu toplumlar\u0131n zenginli\u011fi, \u2018muazzam bir meta y\u0131\u011f\u0131n\u0131\u2019 olarak g\u00f6r\u00fcn\u00fcr; bunun basit bi\u00e7imi tek bir metad\u0131r\u201d (Marx, 2013: 49).<\/li>\n<li>Yazar\u0131n ad\u0131 metinde ge\u00e7iyorsa, kaynak yazar\u0131n ad\u0131ndan sonra yaln\u0131zca bas\u0131m y\u0131l\u0131 ve sayfa numaras\u0131 olarak g\u00f6sterilmelidir;<br \/>\n<em>Kapital\u2019in<\/em> Cildinde Marx\u2019\u0131n (2013:49) belirtti\u011fi gibi; \u201cKapitalist \u00fcretim tarz\u0131n\u0131n egemen oldu\u011fu toplumlar\u0131n zenginli\u011fi, \u2018muazzam bir meta y\u0131\u011f\u0131n\u0131\u2019 olarak g\u00f6r\u00fcn\u00fcr; bunun basit bi\u00e7imi tek bir metad\u0131r\u201d<\/li>\n<li>Metin i\u00e7i kaynak g\u00f6sterirken iki yazarl\u0131 bir referans kullan\u0131lacaksa a\u015fa\u011f\u0131daki bi\u00e7imde kaynak g\u00f6sterilmelidir;<br \/>\n\u201cMarx\u2019\u0131n m\u00fcbadelede sermayeyi ele al\u0131\u015f\u0131n\u0131 kateden temalardan biri para olarak para ile sermaye olarak para aras\u0131nda can al\u0131c\u0131 bir ayr\u0131m yap\u0131lmas\u0131 gerekti\u011fidir\u201d (Fine ve Saad-Filho, 2008: 142).<\/li>\n<li>Metin i\u00e7in kaynak g\u00f6sterirken ikiden fazla yazarl\u0131 bir referans kullan\u0131lacaksa a\u015fa\u011f\u0131daki bi\u00e7imde kaynak g\u00f6sterilmelidir;<br \/>\n(Wright vd, 1992: 76).<\/li>\n<li>Ayn\u0131 yazar\u0131n ayn\u0131 y\u0131l bas\u0131lm\u0131\u015f iki kitab\u0131 da \u00e7al\u0131\u015fmada kullan\u0131l\u0131yorsa, bas\u0131m y\u0131l\u0131n\u0131n yan\u0131na a-b \u015feklinde farkl\u0131la\u015ft\u0131rma yap\u0131lmal\u0131d\u0131r;<br \/>\n(Thompson, 1978a: 42)<\/li>\n<li>Yazar\u0131n iki farkl\u0131 kitab\u0131na ayn\u0131 anda referans verilecekse, yazar\u0131n ismi bir defa yaz\u0131lmal\u0131d\u0131r;<br \/>\n(Marx, 2013: 49; 1964: 104).<\/li>\n<li>Yazarla birlikte yazar\u0131n kitab\u0131 da metin i\u00e7inde kullan\u0131l\u0131yorsa, kitap ismi italik yaz\u0131lmal\u0131d\u0131r;<br \/>\n<em>Kapital\u2019in<\/em> Cildinde Marx\u2019\u0131n (2013:49) belirtti\u011fi gibi; \u201cKapitalist \u00fcretim tarz\u0131n\u0131n egemen oldu\u011fu toplumlar\u0131n zenginli\u011fi, \u2018muazzam bir meta y\u0131\u011f\u0131n\u0131\u2019 olarak g\u00f6r\u00fcn\u00fcr; bunun basit bi\u00e7imi tek bir metad\u0131r\u201d<\/li>\n<li>Yazarla birlikte yazar\u0131n makalesinin ba\u015fl\u0131\u011f\u0131 da metin i\u00e7inde kullan\u0131l\u0131yorsa, makale ismi t\u0131rnak i\u00e7inde yaz\u0131lmal\u0131d\u0131r.<\/li>\n<li>T\u0131rnak i\u00e7inde yaz\u0131lan bir al\u0131nt\u0131da bulunan ba\u015fka bir t\u0131rnak, mutlaka tek t\u0131rnak i\u015fareti ile yaz\u0131lmal\u0131d\u0131r.<\/li>\n<li>\u201cYazara g\u00f6re\u201d kal\u0131plar\u0131nda referans, iki kelimenin aras\u0131na de\u011fil sonuna koyulmal\u0131d\u0131r.<br \/>\nMarx\u2019a g\u00f6re (2013: 49);<\/li>\n<li>Ba\u015f\u0131, sonu ve ortas\u0131nda konunun b\u00fct\u00fcnl\u00fc\u011f\u00fcn\u00fc bozmayacak \u015fekilde kesilerek yap\u0131lan al\u0131nt\u0131larda mutlaka \u00fc\u00e7 nokta kullan\u0131lmal\u0131d\u0131r.<br \/>\nMarx\u2019\u0131n \u201c\u2026sermayenin organik bile\u015fimi ile de\u011fer bile\u015fimi aras\u0131nda ayr\u0131m yapt\u0131\u011f\u0131 g\u00f6r\u00fcl\u00fcr\u201d<\/li>\n<\/ul>\n<p>&nbsp;<\/p>\n<p>&nbsp;<\/p>\n<p>&nbsp;<\/p>\n<p>&nbsp;<\/p>\n<p><strong>Temel Kaynak\u00e7a G\u00f6sterimi:<\/strong><\/p>\n<p>&nbsp;<\/p>\n<p><strong>Kitap:<\/strong><\/p>\n<p>Kara\u00e7imen, E. (2015) <em>T\u00fcrkiye\u2019de Finansalla\u015fma Bor\u00e7 K\u0131skac\u0131nda Emek<\/em>, \u0130stanbul: Sosyal Ara\u015ft\u0131rmalar Vakf\u0131.<\/p>\n<p><strong><br \/>\n\u00c7eviri Kitap:<\/strong><\/p>\n<p>Marx, K. (2019) <em>Matematiksel Elyazmalar\u0131<\/em>, \u00e7ev. \u00d6. \u00dcnalan, \u0130stanbul: Kor.<\/p>\n<p>&nbsp;<\/p>\n<p><strong>Derleme Kitap:<\/strong><\/p>\n<p>Yaman, M. ve S. Dedeo\u011flu (der.) (2016) <em>Kapitalizm, Ataerkillik ve Kad\u0131n Eme\u011fi Neoliberal ve Muhafazakar D\u00f6nem<\/em>, \u0130stanbul: Sosyal Ara\u015ft\u0131rmalar Vakf\u0131.<\/p>\n<p>&nbsp;<\/p>\n<p><strong>Derleme Kitaptan Makale:<\/strong><\/p>\n<p>\u00d6zkan, \u00d6. (2016) \u201cAtaerkil Kapitalizmin Kad\u0131n Sa\u011fl\u0131k \u00c7al\u0131\u015fanlar\u0131na Etkisi\u201d, Yaman, M. ve S. Dedeo\u011flu (der.), <em>Kapitalizm, Ataerkillik ve Kad\u0131n Eme\u011fi Neoliberal ve Muhafazakar D\u00f6nem<\/em> i\u00e7inde, \u0130stanbul: Sosyal Ara\u015ft\u0131rmalar Vakf\u0131, 130-170.<\/p>\n<p>&nbsp;<\/p>\n<p><strong>Dergiden Makale:<\/strong><\/p>\n<p>Bourdieu, P. (2014) \u201cSimgesel Sermaye ve Toplumsal S\u0131n\u0131flar\u201d, <em>Cogito<\/em>, (76): 35-52.<\/p>\n<p>&nbsp;<\/p>\n<p><strong>Kurum Raporu:<\/strong><\/p>\n<p>D\u0130E (Devlet \u0130statistik Enstit\u00fcs\u00fc) (1994) <em>Temel Kad\u0131n G\u00f6stergeleri, 1978-1993<\/em>, Ankara: D\u0130E.<\/p>\n<p>\u00c7SGB (\u00c7al\u0131\u015fma ve Sosyal G\u00fcvenlik Bakanl\u0131\u011f\u0131) (2015) Yabanc\u0131 \u00c7al\u0131\u015fma \u0130zinleri \u0130statistikleri.<\/p>\n<p>&nbsp;<\/p>\n<p><strong>Online Kurum Raporu:<\/strong><\/p>\n<p>Ekonomi Bakanl\u0131\u011f\u0131 (2017), \u201cSuriye: Genel Ekomomik Durum\u201d, https:\/\/www.ekonomi.gov.tr\/, son eri\u015fim tarihi: 20 Eyl\u00fcl 2017.<\/p>\n<p>&nbsp;<\/p>\n<p><strong>Bas\u0131lmam\u0131\u015f Y\u00fcksek Lisans ya da Doktora Tezi:<\/strong><\/p>\n<p>Gire, A. (2015) <em>Hukuki ve Siyasi S\u00fcre\u00e7lerin \u0130li\u015fkisel Analizi<\/em>, Bas\u0131lmam\u0131\u015f Y\u00fcksek Lisans Tezi, \u0130stanbul: Y\u0131ld\u0131z Teknik \u00dcniversitesi, Sosyal Bilimler Enstit\u00fcs\u00fc.<\/p>\n<p>&nbsp;<\/p>\n<p><strong>\u0130nternet adresinden bir makale:<\/strong><\/p>\n<p>De Angelis, M. (2001) \u201cMarx and primitive accumulation: The continuous character of capital\u2019s \u201cenclosures.\u201d\u201d, http:\/\/www.commoner.org.uk\/?p=5, indirilme tarihi: 17 Temmuz 2017.<\/p>\n<p>&nbsp;<\/p>\n<p><strong>\u0130nternet Haberi:<\/strong><\/p>\n<p>T\u00fcrkiye\u2019de Ne Kadar Suriyeli Var; Ne Kadar\u0131 Kay\u0131tl\u0131 Olarak \u00c7al\u0131\u015f\u0131yor, Ka\u00e7\u0131 \u0130\u015f Ar\u0131yor?, (2017, 6 Mart) T24, http:\/\/t24.com.tr\/haber\/turkiyede-ne-kadar-suriyeli-var-ne-kadari-kayitli-olarak-calisiyor-kaci-is-ariyor,392171, son eri\u015fim tarihi: 15.08.2017<\/p>\n<p>&nbsp;<\/p>\n<p><strong>R\u00f6portaj:<\/strong><\/p>\n<p>At\u0131lgan, G. (2000) <em>Ertu\u011frul K\u00fcrk\u00e7\u00fc ile G\u00f6r\u00fc\u015fme<\/em>, \u0130stanbul: 27 Eyl\u00fcl.[\/vc_column_text][\/vc_column][\/vc_row]<\/p>\n","protected":false},"excerpt":{"rendered":"<p>[vc_row css=&#8221;.vc_custom_1581864942770{padding-top: 30px !important;}&#8221;][vc_column][vc_text_separator title=&#8221;SUBMISSION&#8221; title_align=&#8221;separator_align_left&#8221; align=&#8221;align_left&#8221; color=&#8221;custom&#8221; css_animation=&#8221;fadeInRight&#8221; accent_color=&#8221;#ed1c24&#8243;][vc_column_text]Papers, published in the Katk\u0131 e-journal, should be\u00a0 in accordance with the purpose and the scope of<span class=\"excerpt-hellip\"> [\u2026]<\/span><\/p>\n","protected":false},"author":1,"featured_media":0,"parent":0,"menu_order":0,"comment_status":"closed","ping_status":"closed","template":"","meta":{"footnotes":""},"class_list":["post-145","page","type-page","status-publish","hentry"],"_links":{"self":[{"href":"http:\/\/www.katki.savakademi.org\/index.php\/wp-json\/wp\/v2\/pages\/145"}],"collection":[{"href":"http:\/\/www.katki.savakademi.org\/index.php\/wp-json\/wp\/v2\/pages"}],"about":[{"href":"http:\/\/www.katki.savakademi.org\/index.php\/wp-json\/wp\/v2\/types\/page"}],"author":[{"embeddable":true,"href":"http:\/\/www.katki.savakademi.org\/index.php\/wp-json\/wp\/v2\/users\/1"}],"replies":[{"embeddable":true,"href":"http:\/\/www.katki.savakademi.org\/index.php\/wp-json\/wp\/v2\/comments?post=145"}],"version-history":[{"count":6,"href":"http:\/\/www.katki.savakademi.org\/index.php\/wp-json\/wp\/v2\/pages\/145\/revisions"}],"predecessor-version":[{"id":259,"href":"http:\/\/www.katki.savakademi.org\/index.php\/wp-json\/wp\/v2\/pages\/145\/revisions\/259"}],"wp:attachment":[{"href":"http:\/\/www.katki.savakademi.org\/index.php\/wp-json\/wp\/v2\/media?parent=145"}],"curies":[{"name":"wp","href":"https:\/\/api.w.org\/{rel}","templated":true}]}}