{"id":158,"date":"2020-02-16T16:05:16","date_gmt":"2020-02-16T16:05:16","guid":{"rendered":"http:\/\/www.katki.savakademi.org\/index.php\/iletisim\/"},"modified":"2020-02-17T05:19:38","modified_gmt":"2020-02-17T05:19:38","slug":"contact-us","status":"publish","type":"page","link":"http:\/\/www.katki.savakademi.org\/index.php\/contact-us\/?lang=en","title":{"rendered":"Contact Us"},"content":{"rendered":"<p>[vc_row css=&#8221;.vc_custom_1581864942770{padding-top: 30px !important;}&#8221;][vc_column][vc_text_separator title=&#8221;CONTACT US&#8221; title_align=&#8221;separator_align_left&#8221; align=&#8221;align_left&#8221; color=&#8221;custom&#8221; css_animation=&#8221;fadeInRight&#8221; accent_color=&#8221;#ed1c24&#8243;][vc_column_text]For the paper submission and your opinions &amp; questions, please contact:\u00a0 <strong><em>sav@katki.savakademi.org<\/em>.<\/strong><\/p>\n<p>Contact Person:<\/p>\n<p>Dr. Altan Alaybeyo\u011flu, <a href=\"mailto:altanalaybeyoglu@halic.edu.tr\">altanalaybeyoglu@halic.edu.tr<\/a><\/p>\n<p>Dr. Selma De\u011firmenci. <a href=\"mailto:de\u011firmencis@gmail.com\">de\u011firmencis@gmail.com<\/a><\/p>\n<p><strong>Address<\/strong><\/p>\n<p>Osman A\u011fa Mahallesi General As\u0131m G\u00fcnd\u00fcz Caddesi. \u00dcner Tan \u0130\u015f Merkezi No:35 Kat:4 Daire:14 Kad\u0131k\u00f6y &#8211; \u0130stanbul<\/p>\n<p>0216 345 69 39<\/p>\n<p><a href=\"mailto:sav@katki.savakademi.org\">sav@katki.savakademi.org<\/a>[\/vc_column_text][\/vc_column][\/vc_row]<\/p>\n","protected":false},"excerpt":{"rendered":"<p>[vc_row css=&#8221;.vc_custom_1581864942770{padding-top: 30px !important;}&#8221;][vc_column][vc_text_separator title=&#8221;CONTACT US&#8221; title_align=&#8221;separator_align_left&#8221; align=&#8221;align_left&#8221; color=&#8221;custom&#8221; css_animation=&#8221;fadeInRight&#8221; accent_color=&#8221;#ed1c24&#8243;][vc_column_text]For the paper submission and your opinions &amp; questions, please contact:\u00a0 sav@katki.savakademi.org. Contact Person: Dr. Altan<span class=\"excerpt-hellip\"> [\u2026]<\/span><\/p>\n","protected":false},"author":1,"featured_media":0,"parent":0,"menu_order":0,"comment_status":"closed","ping_status":"closed","template":"","meta":{"footnotes":""},"class_list":["post-158","page","type-page","status-publish","hentry"],"_links":{"self":[{"href":"http:\/\/www.katki.savakademi.org\/index.php\/wp-json\/wp\/v2\/pages\/158"}],"collection":[{"href":"http:\/\/www.katki.savakademi.org\/index.php\/wp-json\/wp\/v2\/pages"}],"about":[{"href":"http:\/\/www.katki.savakademi.org\/index.php\/wp-json\/wp\/v2\/types\/page"}],"author":[{"embeddable":true,"href":"http:\/\/www.katki.savakademi.org\/index.php\/wp-json\/wp\/v2\/users\/1"}],"replies":[{"embeddable":true,"href":"http:\/\/www.katki.savakademi.org\/index.php\/wp-json\/wp\/v2\/comments?post=158"}],"version-history":[{"count":2,"href":"http:\/\/www.katki.savakademi.org\/index.php\/wp-json\/wp\/v2\/pages\/158\/revisions"}],"predecessor-version":[{"id":160,"href":"http:\/\/www.katki.savakademi.org\/index.php\/wp-json\/wp\/v2\/pages\/158\/revisions\/160"}],"wp:attachment":[{"href":"http:\/\/www.katki.savakademi.org\/index.php\/wp-json\/wp\/v2\/media?parent=158"}],"curies":[{"name":"wp","href":"https:\/\/api.w.org\/{rel}","templated":true}]}}