{"id":226,"date":"2020-03-12T12:03:24","date_gmt":"2020-03-12T12:03:24","guid":{"rendered":"http:\/\/www.katki.savakademi.org\/?page_id=226"},"modified":"2020-03-12T12:03:24","modified_gmt":"2020-03-12T12:03:24","slug":"2-sayi-meta","status":"publish","type":"page","link":"http:\/\/www.katki.savakademi.org\/index.php\/2-sayi-meta\/","title":{"rendered":"2.Say\u0131: META"},"content":{"rendered":"<p>[vc_row css=&#8221;.vc_custom_1459191833542{margin-top: 50px !important;}&#8221;][vc_column width=&#8221;1\/2&#8243;][vc_single_image image=&#8221;19&#8243; img_size=&#8221;large&#8221; alignment=&#8221;center&#8221; onclick=&#8221;custom_link&#8221; img_link_target=&#8221;_blank&#8221; link=&#8221;http:\/\/www.katki.savakademi.org\/wp-content\/uploads\/2020\/02\/kt2.pdf&#8221;][\/vc_column][vc_column width=&#8221;1\/2&#8243;][vc_text_separator title=&#8221;2. Say\u0131: META&#8221; title_align=&#8221;separator_align_left&#8221; align=&#8221;align_left&#8221; color=&#8221;custom&#8221; css_animation=&#8221;none&#8221; accent_color=&#8221;#ed1c24&#8243;][vc_column_text css_animation=&#8221;bottom-to-top&#8221;]<\/p>\n<h5><strong>Sorumlu Yaz\u0131 \u0130\u015fleri M\u00fcd\u00fcr\u00fc<\/strong><\/h5>\n<p><em>Serap Korkusuz Kurt<\/em><\/p>\n<h5><strong>2. Say\u0131 Edit\u00f6rler Kurulu<\/strong><\/h5>\n<p><em>Altan Alaybeyo\u011flu, \u00c7a\u011f\u0131n Erbek, Selma De\u011firmenci <\/em>[\/vc_column_text][vc_text_separator title=&#8221;\u0130\u00e7indekiler&#8221; title_align=&#8221;separator_align_left&#8221; align=&#8221;align_left&#8221; color=&#8221;custom&#8221; css_animation=&#8221;none&#8221; accent_color=&#8221;#ed1c24&#8243;][vc_column_text css_animation=&#8221;bottom-to-top&#8221;]<a href=\"http:\/\/www.katki.savakademi.org\/wp-content\/uploads\/2020\/03\/2_1.pdf\">Birikim Stratejileri Do\u011frultusunda De\u011fi\u015fen Patent Anla\u015fmalar\u0131: 1883 Paris S\u00f6zle\u015fmesi-1994 TRIPS .<\/a><br \/>\n<em>Cansu Ba\u015fak<\/em><\/p>\n<p><a href=\"http:\/\/www.katki.savakademi.org\/wp-content\/uploads\/2020\/03\/2_2.pdf\">Meta Olarak Tohum<\/a><br \/>\n<em>\u00d6zcan Evrensel<\/em><\/p>\n<p><a href=\"http:\/\/www.katki.savakademi.org\/wp-content\/uploads\/2020\/03\/2_3.pdf\"><strong>\u00c7\u00f6pte Sakl\u0131 De\u011fer, De\u011fere \u0130\u00e7kin Emek: \u00c7\u00f6p\u00fcn Ekonomi Politi\u011fi<\/strong><\/a><br \/>\n<em>\u00c7i\u011fdem Demircan<\/em><\/p>\n<p><strong><a href=\"http:\/\/www.katki.savakademi.org\/wp-content\/uploads\/2020\/03\/2_4.pdf\">E\u011fitimde Metala\u015fma ve Ticarile\u015fme<\/a><\/strong><br \/>\n<em>Cihan Karabulut<\/em><\/p>\n<p><strong><a href=\"http:\/\/www.katki.savakademi.org\/wp-content\/uploads\/2020\/03\/2_5.pdf\">Tar\u0131mda Trafik Kazalar\u0131n\u0131n Ekonomi Politi\u011fi ve Mevsimlik Tar\u0131m \u0130\u015f\u00e7ileri<\/a> <\/strong><br \/>\n<em>Uygar D. Y\u0131ld\u0131r\u0131m<\/em>[\/vc_column_text][\/vc_column][\/vc_row]<\/p>\n","protected":false},"excerpt":{"rendered":"<p>[vc_row css=&#8221;.vc_custom_1459191833542{margin-top: 50px !important;}&#8221;][vc_column width=&#8221;1\/2&#8243;][vc_single_image image=&#8221;19&#8243; img_size=&#8221;large&#8221; alignment=&#8221;center&#8221; onclick=&#8221;custom_link&#8221; img_link_target=&#8221;_blank&#8221; link=&#8221;http:\/\/www.katki.savakademi.org\/wp-content\/uploads\/2020\/02\/kt2.pdf&#8221;][\/vc_column][vc_column width=&#8221;1\/2&#8243;][vc_text_separator title=&#8221;2. Say\u0131: META&#8221; title_align=&#8221;separator_align_left&#8221; align=&#8221;align_left&#8221; color=&#8221;custom&#8221; css_animation=&#8221;none&#8221; accent_color=&#8221;#ed1c24&#8243;][vc_column_text css_animation=&#8221;bottom-to-top&#8221;] Sorumlu Yaz\u0131 \u0130\u015fleri M\u00fcd\u00fcr\u00fc Serap<span class=\"excerpt-hellip\"> [\u2026]<\/span><\/p>\n","protected":false},"author":1,"featured_media":0,"parent":0,"menu_order":0,"comment_status":"closed","ping_status":"closed","template":"","meta":{"footnotes":""},"class_list":["post-226","page","type-page","status-publish","hentry"],"_links":{"self":[{"href":"http:\/\/www.katki.savakademi.org\/index.php\/wp-json\/wp\/v2\/pages\/226"}],"collection":[{"href":"http:\/\/www.katki.savakademi.org\/index.php\/wp-json\/wp\/v2\/pages"}],"about":[{"href":"http:\/\/www.katki.savakademi.org\/index.php\/wp-json\/wp\/v2\/types\/page"}],"author":[{"embeddable":true,"href":"http:\/\/www.katki.savakademi.org\/index.php\/wp-json\/wp\/v2\/users\/1"}],"replies":[{"embeddable":true,"href":"http:\/\/www.katki.savakademi.org\/index.php\/wp-json\/wp\/v2\/comments?post=226"}],"version-history":[{"count":1,"href":"http:\/\/www.katki.savakademi.org\/index.php\/wp-json\/wp\/v2\/pages\/226\/revisions"}],"predecessor-version":[{"id":238,"href":"http:\/\/www.katki.savakademi.org\/index.php\/wp-json\/wp\/v2\/pages\/226\/revisions\/238"}],"wp:attachment":[{"href":"http:\/\/www.katki.savakademi.org\/index.php\/wp-json\/wp\/v2\/media?parent=226"}],"curies":[{"name":"wp","href":"https:\/\/api.w.org\/{rel}","templated":true}]}}