{"id":11,"date":"2020-02-14T11:27:27","date_gmt":"2020-02-14T11:27:27","guid":{"rendered":"http:\/\/www.katki.savakademi.org\/?page_id=11"},"modified":"2022-07-29T05:47:37","modified_gmt":"2022-07-29T05:47:37","slug":"anasayfa","status":"publish","type":"page","link":"https:\/\/www.katki.savakademi.org\/","title":{"rendered":"Anasayfa"},"content":{"rendered":"<p>[vc_row css=&#8221;.vc_custom_1539360156526{background-color: #f5f5f5 !important;}&#8221;][vc_column width=&#8221;2\/3&#8243;][vc_column_text]<\/p>\n<p class=\"big\" style=\"color: #000000; text-align: justify;\"><img loading=\"lazy\" decoding=\"async\" class=\"size-full wp-image-15 alignleft\" src=\"http:\/\/www.katki.savakademi.org\/wp-content\/uploads\/2020\/02\/Ka-55x75-1.png\" alt=\"\" width=\"55\" height=\"75\" srcset=\"https:\/\/www.katki.savakademi.org\/wp-content\/uploads\/2020\/02\/Ka-55x75-1.png 55w, https:\/\/www.katki.savakademi.org\/wp-content\/uploads\/2020\/02\/Ka-55x75-1-37x50.png 37w\" sizes=\"(max-width: 55px) 100vw, 55px\" \/><a href=\"http:\/\/www.sav.org.tr\/index.php\/tr\/\" target=\"_blank\" rel=\"noopener noreferrer\"><strong>Sosyal Ara\u015ft\u0131rmalar Vakf\u0131 (SAV)<\/strong><\/a> b\u00fcnyesinde 2015 y\u0131l\u0131nda kurulan <strong>Katk\u0131 E-Dergi<\/strong>, ele\u015ftirel sosyal bilimler alan\u0131nda \u00fcretilen \u00e7al\u0131\u015fmalar\u0131 bilimsel kriterler dahilinde okuyucular\u0131 ile bulu\u015fturmaktad\u0131r.<br \/>\nBu kolektif \u00e7al\u0131\u015fmaya ba\u015flarken dergiyi \u201cs\u00f6z s\u00f6ylemenin, bilginin ve eylemin birikimli yoluna katk\u0131 koyabilmek\u201d olarak tarif etmi\u015ftik. Bug\u00fcn, ba\u015flad\u0131\u011f\u0131m\u0131z g\u00fcnden daha \u00e7ok s\u00f6z\u00fcm\u00fcz var. Ge\u00e7en s\u00fcre zarf\u0131nda Katk\u0131\u2019ya emek veren, okuyan, ele\u015ftiri koyan, payla\u015fan herkese \u00e7ok te\u015fekk\u00fcr ederiz.<br \/>\nS\u00f6z\u00fcn \u00e7o\u011falmas\u0131 dile\u011fiyle\u2026<\/p>\n<p>[\/vc_column_text][\/vc_column][vc_column width=&#8221;1\/3&#8243; css=&#8221;.vc_custom_1640336805412{margin-top: 20px !important;}&#8221;][vc_single_image image=&#8221;308&#8243; img_size=&#8221;full&#8221; alignment=&#8221;center&#8221; onclick=&#8221;custom_link&#8221; img_link_target=&#8221;_blank&#8221; link=&#8221;http:\/\/www.katki.savakademi.org\/wp-content\/uploads\/2022\/07\/katki12.pdf&#8221; el_class=&#8221;hidden&#8221;][vc_column_text css_animation=&#8221;none&#8221; el_class=&#8221;hidden&#8221;]<\/p>\n<h5><strong>Son Say\u0131m\u0131z<\/strong><\/h5>\n<h5><strong>Say\u0131 12<\/strong><\/h5>\n<h5><strong>Temmuz 2022<\/strong><\/h5>\n<h5><\/h5>\n<p>[\/vc_column_text][\/vc_column][\/vc_row]<\/p>\n","protected":false},"excerpt":{"rendered":"<p>[vc_row css=&#8221;.vc_custom_1539360156526{background-color: #f5f5f5 !important;}&#8221;][vc_column width=&#8221;2\/3&#8243;][vc_column_text] Sosyal Ara\u015ft\u0131rmalar Vakf\u0131 (SAV) b\u00fcnyesinde 2015 y\u0131l\u0131nda kurulan Katk\u0131 E-Dergi, ele\u015ftirel sosyal bilimler alan\u0131nda \u00fcretilen \u00e7al\u0131\u015fmalar\u0131 bilimsel kriterler dahilinde okuyucular\u0131 ile<span class=\"excerpt-hellip\"> [\u2026]<\/span><\/p>\n","protected":false},"author":1,"featured_media":0,"parent":0,"menu_order":0,"comment_status":"closed","ping_status":"closed","template":"","meta":{"footnotes":""},"class_list":["post-11","page","type-page","status-publish","hentry"],"_links":{"self":[{"href":"https:\/\/www.katki.savakademi.org\/index.php\/wp-json\/wp\/v2\/pages\/11"}],"collection":[{"href":"https:\/\/www.katki.savakademi.org\/index.php\/wp-json\/wp\/v2\/pages"}],"about":[{"href":"https:\/\/www.katki.savakademi.org\/index.php\/wp-json\/wp\/v2\/types\/page"}],"author":[{"embeddable":true,"href":"https:\/\/www.katki.savakademi.org\/index.php\/wp-json\/wp\/v2\/users\/1"}],"replies":[{"embeddable":true,"href":"https:\/\/www.katki.savakademi.org\/index.php\/wp-json\/wp\/v2\/comments?post=11"}],"version-history":[{"count":21,"href":"https:\/\/www.katki.savakademi.org\/index.php\/wp-json\/wp\/v2\/pages\/11\/revisions"}],"predecessor-version":[{"id":310,"href":"https:\/\/www.katki.savakademi.org\/index.php\/wp-json\/wp\/v2\/pages\/11\/revisions\/310"}],"wp:attachment":[{"href":"https:\/\/www.katki.savakademi.org\/index.php\/wp-json\/wp\/v2\/media?parent=11"}],"curies":[{"name":"wp","href":"https:\/\/api.w.org\/{rel}","templated":true}]}}