{"id":38,"date":"2020-02-16T14:46:37","date_gmt":"2020-02-16T14:46:37","guid":{"rendered":"http:\/\/www.katki.savakademi.org\/?page_id=38"},"modified":"2020-02-16T15:16:57","modified_gmt":"2020-02-16T15:16:57","slug":"katki","status":"publish","type":"page","link":"https:\/\/www.katki.savakademi.org\/index.php\/katki\/","title":{"rendered":"Katk\u0131"},"content":{"rendered":"<p>[vc_row][vc_column][vc_text_separator title=&#8221;HAKKIMIZDA&#8221; title_align=&#8221;separator_align_left&#8221; align=&#8221;align_left&#8221; color=&#8221;custom&#8221; css_animation=&#8221;fadeInRight&#8221; accent_color=&#8221;#ed1c24&#8243;][vc_column_text]<\/p>\n<p style=\"text-align: justify;\"><strong>Katk\u0131, Sosyal Ara\u015ft\u0131rmalar Vakf\u0131<\/strong>\u2019n\u0131n (SAV) hakemli yay\u0131n organ\u0131d\u0131r.<\/p>\n<p style=\"text-align: justify;\"><strong>Sahibi:<\/strong> Serap Korkusuz<\/p>\n<p style=\"text-align: justify;\"><strong>Sorumlu Yaz\u0131 \u0130\u015fleri M\u00fcd\u00fcr\u00fc:<\/strong> Serap Korkusuz<\/p>\n<p style=\"text-align: justify;\"><strong>Yay\u0131n t\u00fcr\u00fc:<\/strong> Y\u0131lda iki say\u0131 \u00e7\u0131kan (Nisan ve Ekim Ay\u0131) hakemli e-dergi<\/p>\n<p style=\"text-align: justify;\"><strong>Yay\u0131n Dili: <\/strong>T\u00fcrk\u00e7e ve \u0130ngilizce<\/p>\n<p style=\"text-align: justify;\"><strong>Yay\u0131n Tarihi:<\/strong> 2015<\/p>\n<p style=\"text-align: justify;\"><strong>E-ISSN:<\/strong> 2587-1560<\/p>\n<p style=\"text-align: justify;\"><strong>Y\u00f6netim Yeri: <\/strong>Osmana\u011fa Mahallesi General As\u0131m G\u00fcnd\u00fcz Cad. \u00dcner Tan \u0130\u015f Merkezi No: 35 Kat: 4 Daire: 14 Kad\u0131k\u00f6y\u2013\u0130stanbul<\/p>\n<p style=\"text-align: justify;\"><strong>Tel:<\/strong> 0 216 345 69 39-0 216 418 95 48<\/p>\n<p style=\"text-align: justify;\"><strong>Katk\u0131 E-mail:<\/strong> sav@katki.savakademi.org<\/p>\n<p style=\"text-align: justify;\"><strong>Katk\u0131 Web:<\/strong> www.katki.savakademi.org<\/p>\n<p style=\"text-align: justify;\"><strong>SAV E-mail:<\/strong> merhaba@savportal.org<\/p>\n<p style=\"text-align: justify;\"><strong>SAV Web:<\/strong> <a href=\"http:\/\/www.savportal.org\">www.savportal.org<\/a><\/p>\n<p>[\/vc_column_text][\/vc_column][\/vc_row][vc_row css=&#8221;.vc_custom_1581864942770{padding-top: 30px !important;}&#8221;][vc_column][vc_text_separator title=&#8221;AMA\u00c7 VE KAPSAM&#8221; title_align=&#8221;separator_align_left&#8221; align=&#8221;align_left&#8221; color=&#8221;custom&#8221; css_animation=&#8221;fadeInRight&#8221; accent_color=&#8221;#ed1c24&#8243;][vc_column_text]<\/p>\n<p style=\"text-align: justify;\"><strong><em>Katk\u0131 E-Dergi<\/em><\/strong><strong>,<\/strong> 2015 y\u0131l\u0131 itibariyle yay\u0131n hayat\u0131na ba\u015flayan, <strong>Sosyal Ara\u015ft\u0131rmalar Vakf\u0131\u2019n\u0131n (SAV)<\/strong> kolektif \u00fcretimlerinden biridir. Ele\u015ftirel bak\u0131\u015f a\u00e7\u0131s\u0131yla ve belirlenen temalar etraf\u0131nda, yazarlar\u0131 ve okuyucular\u0131 bir araya getiren dergimiz, her yeni say\u0131s\u0131yla literat\u00fcre katk\u0131 sunmaya devam etmektedir.<\/p>\n<p style=\"text-align: justify;\"><em>Katk\u0131 E-Dergi<\/em> \u2019nin amac\u0131, toplumsal ger\u00e7ekli\u011fin keskin \u00e7izgilerle alt dallara b\u00f6l\u00fcnd\u00fc\u011f\u00fc g\u00fcn\u00fcm\u00fcz sosyal bilimini, disiplinler aras\u0131 yap\u0131lan \u00e7al\u0131\u015fmalarla b\u00fct\u00fcnlemeye \u00e7al\u0131\u015fmakt\u0131r. Bu ama\u00e7la, akademi i\u00e7indeki y\u00fcksek lisans ve doktora \u00f6\u011frencilerine \u00f6ncelik vererek yola \u00e7\u0131kt\u0131\u011f\u0131m\u0131z dergimizde, toplumsal ger\u00e7eklik, t\u00fcm boyutlar\u0131yla bir b\u00fct\u00fcn olarak ele al\u0131nmaktad\u0131r. Bu manada <em>Katk\u0131<\/em><em> E-Dergi<\/em>\u2019de sunulan yaz\u0131lar; tarihsel, toplumsal cinsiyet e\u015fitli\u011fi g\u00f6zeten, ekolojik, k\u00fclt\u00fcrel, ekonomik ve politik olan\u0131 i\u00e7inde bar\u0131nd\u0131ran b\u00fct\u00fcnl\u00fckl\u00fc yaz\u0131lard\u0131r.<\/p>\n<p style=\"text-align: justify;\"><em>Katk\u0131 E-Dergi<\/em>\u2019nin kapsam\u0131, ortaya \u00e7\u0131k\u0131\u015f amac\u0131ndan da anla\u015f\u0131labilece\u011fi \u00fczere, tarihsel, toplumsal, ekonomik ve k\u00fclt\u00fcrel olan\u0131 i\u00e7ine alacak \u00f6l\u00e7\u00fcde geni\u015ftir. Disiplinler aras\u0131 \u00e7al\u0131\u015fmalar \u00f6ncelikli olup, belirlenen temalara uygun olarak (say\u0131larda tema d\u0131\u015f\u0131 yaz\u0131lara da yer verilmektedir), bilimsel ilkeleri sa\u011flayan her yaz\u0131 de\u011ferlendirmeye al\u0131nmaktad\u0131r. Dergimizde yay\u0131nlanmak \u00fczere g\u00f6nderilen makaleler, intihal taramas\u0131ndan, birden fazla hakem ve yay\u0131n kurulu onay\u0131ndan ge\u00e7mektedir. Katk\u0131 E-Dergi, a\u00e7\u0131k eri\u015fimli ve hakemli bir dergi olup, \u00f6zel say\u0131lar hari\u00e7, y\u0131lda iki kere (Nisan ve Ekim aylar\u0131nda) yay\u0131mlanmaktad\u0131r.<\/p>\n<p>[\/vc_column_text][\/vc_column][\/vc_row][vc_row css=&#8221;.vc_custom_1581864942770{padding-top: 30px !important;}&#8221;][vc_column][vc_text_separator title=&#8221;A\u00c7IK ER\u0130\u015e\u0130M ve ET\u0130K POL\u0130T\u0130KASI&#8221; title_align=&#8221;separator_align_left&#8221; align=&#8221;align_left&#8221; color=&#8221;custom&#8221; css_animation=&#8221;fadeInRight&#8221; accent_color=&#8221;#ed1c24&#8243;][vc_column_text]<\/p>\n<p style=\"text-align: justify;\"><em>Katk\u0131 <\/em><strong>A\u00e7\u0131k Eri\u015fim<\/strong> bir E-Dergidir. Bilginin insanl\u0131\u011f\u0131n ortak birikimi oldu\u011fu anlay\u0131\u015f\u0131yla t\u00fcm i\u00e7eri\u011fi do\u011frudan a\u00e7\u0131k eri\u015fime sunar. Dergi, <a href=\"https:\/\/www.budapestopenaccessinitiative.org\/boai-10-translations\/turkish-translation\">Budape\u015fte A\u00e7\u0131k Eri\u015fim Giri\u015fimi<\/a>\u2019ni (BOAI) kabul etmektedir.<\/p>\n<p style=\"text-align: justify;\"><em>Katk\u0131, <\/em><strong>\u00c7ift Tarafl\u0131 K\u00f6r Hakemli<\/strong> bir E-Dergidir. Ara\u015ft\u0131rma sonu\u00e7lar\u0131n\u0131n bilimsel nitelik kazanmas\u0131nda etik ilkelere y\u00f6nelik standartlara uyulmas\u0131 \u00f6nem ta\u015f\u0131maktad\u0131r. Dergide, yay\u0131m s\u00fcrecinde yer alan t\u00fcm taraflar\u0131n (yazar, edit\u00f6r, hakem, yay\u0131mc\u0131) <a href=\"http:\/\/publicationethics.org\/\">Committee on Publication Ethics (COPE)<\/a> taraf\u0131ndan tan\u0131mlanan etik standartlara uymas\u0131 beklenmektedir.<\/p>\n<p style=\"text-align: justify;\"><em>Katk\u0131 E-Dergi, <\/em>yay\u0131n eti\u011fi olarak t\u00fcm \u00e7al\u0131\u015fmalar\u0131 <strong>Turnitin<\/strong> yaz\u0131l\u0131m\u0131 arac\u0131l\u0131\u011f\u0131yla intihal denetiminden ge\u00e7irir. \u0130ntihal tespit edilmesi durumunda yaz\u0131 reddedilir ve ilgili yazardan hi\u00e7bir \u015fekilde ileriki d\u00f6nemde yaz\u0131 kabul edilmez.<\/p>\n<p>[\/vc_column_text][\/vc_column][\/vc_row][vc_row css=&#8221;.vc_custom_1581864942770{padding-top: 30px !important;}&#8221;][vc_column][vc_text_separator title=&#8221;TARANDI\u011eI \u0130NDEKSLER&#8221; title_align=&#8221;separator_align_left&#8221; align=&#8221;align_left&#8221; color=&#8221;custom&#8221; css_animation=&#8221;fadeInRight&#8221; accent_color=&#8221;#ed1c24&#8243;][vc_column_text]<a href=\"http:\/\/www.doaj.org\/\" target=\"_blank\" rel=\"noopener noreferrer\">DOAJ (Directory of Open Access Journals)<\/a> de\u011ferlendirme s\u00fcrecinde (Ba\u015fvuru: Ekim 2019).[\/vc_column_text][\/vc_column][\/vc_row][vc_row css=&#8221;.vc_custom_1581864942770{padding-top: 30px !important;}&#8221;][vc_column][vc_text_separator title=&#8221;AR\u015e\u0130VLEME&#8221; title_align=&#8221;separator_align_left&#8221; align=&#8221;align_left&#8221; color=&#8221;custom&#8221; css_animation=&#8221;fadeInRight&#8221; accent_color=&#8221;#ed1c24&#8243;][vc_column_text]<em>Katk\u0131<\/em> E-Dergi\u2019sine ait t\u00fcm veriler \u00fc\u00e7\u00fcnc\u00fc parti bir sunucuda eri\u015fime kapal\u0131 bir \u015fekilde saklan\u0131r.[\/vc_column_text][\/vc_column][\/vc_row]<\/p>\n","protected":false},"excerpt":{"rendered":"<p>[vc_row][vc_column][vc_text_separator title=&#8221;HAKKIMIZDA&#8221; title_align=&#8221;separator_align_left&#8221; align=&#8221;align_left&#8221; color=&#8221;custom&#8221; css_animation=&#8221;fadeInRight&#8221; accent_color=&#8221;#ed1c24&#8243;][vc_column_text] Katk\u0131, Sosyal Ara\u015ft\u0131rmalar Vakf\u0131\u2019n\u0131n (SAV) hakemli yay\u0131n organ\u0131d\u0131r. Sahibi: Serap Korkusuz Sorumlu Yaz\u0131 \u0130\u015fleri M\u00fcd\u00fcr\u00fc: Serap Korkusuz Yay\u0131n t\u00fcr\u00fc:<span class=\"excerpt-hellip\"> [\u2026]<\/span><\/p>\n","protected":false},"author":1,"featured_media":0,"parent":0,"menu_order":0,"comment_status":"closed","ping_status":"closed","template":"","meta":{"footnotes":""},"class_list":["post-38","page","type-page","status-publish","hentry"],"_links":{"self":[{"href":"https:\/\/www.katki.savakademi.org\/index.php\/wp-json\/wp\/v2\/pages\/38"}],"collection":[{"href":"https:\/\/www.katki.savakademi.org\/index.php\/wp-json\/wp\/v2\/pages"}],"about":[{"href":"https:\/\/www.katki.savakademi.org\/index.php\/wp-json\/wp\/v2\/types\/page"}],"author":[{"embeddable":true,"href":"https:\/\/www.katki.savakademi.org\/index.php\/wp-json\/wp\/v2\/users\/1"}],"replies":[{"embeddable":true,"href":"https:\/\/www.katki.savakademi.org\/index.php\/wp-json\/wp\/v2\/comments?post=38"}],"version-history":[{"count":25,"href":"https:\/\/www.katki.savakademi.org\/index.php\/wp-json\/wp\/v2\/pages\/38\/revisions"}],"predecessor-version":[{"id":63,"href":"https:\/\/www.katki.savakademi.org\/index.php\/wp-json\/wp\/v2\/pages\/38\/revisions\/63"}],"wp:attachment":[{"href":"https:\/\/www.katki.savakademi.org\/index.php\/wp-json\/wp\/v2\/media?parent=38"}],"curies":[{"name":"wp","href":"https:\/\/api.w.org\/{rel}","templated":true}]}}