{"id":85,"date":"2020-02-16T15:58:47","date_gmt":"2020-02-16T15:58:47","guid":{"rendered":"http:\/\/www.katki.savakademi.org\/?page_id=85"},"modified":"2022-01-11T13:42:21","modified_gmt":"2022-01-11T13:42:21","slug":"gelecek-sayilar","status":"publish","type":"page","link":"https:\/\/www.katki.savakademi.org\/index.php\/gelecek-sayilar\/","title":{"rendered":"Gelecek Say\u0131lar"},"content":{"rendered":"<p>[vc_row css=&#8221;.vc_custom_1581864942770{padding-top: 30px !important;}&#8221;][vc_column][vc_text_separator title=&#8221;PANDEM\u0130, HALK SA\u011eLI\u011eI VE KAP\u0130TAL\u0130ZM&#8221; title_align=&#8221;separator_align_left&#8221; align=&#8221;align_left&#8221; color=&#8221;custom&#8221; css_animation=&#8221;fadeInRight&#8221; accent_color=&#8221;#ed1c24&#8243;][vc_column_text]Katk\u0131 E-Dergi, on ikinci say\u0131 temas\u0131n\u0131 Kapitalizm, Pandemi ve Halk Sa\u011fl\u0131\u011f\u0131 olarak belirledi. K\u00fcresel siyaseti, ekonomiyi ve g\u00fcndelik ya\u015fant\u0131m\u0131z\u0131 sars\u0131c\u0131 bir bi\u00e7imde etkileyen, d\u00fcnya \u00e7ap\u0131nda 5 milyonu a\u015fk\u0131n insan\u0131n ya\u015fam\u0131n\u0131 yitirdi\u011fi, say\u0131s\u0131z hak kayb\u0131na u\u011frayarak daha da yoksulla\u015ft\u0131\u011f\u0131 COVID-19 pandemisi ikinci y\u0131l\u0131n\u0131 doldurmak \u00fczere. Kapitalizmin yaratt\u0131\u011f\u0131 ekolojik y\u0131k\u0131m biyolojik tehditleri beraberinde getirirken, kar ama\u00e7l\u0131 sa\u011fl\u0131k politikalar\u0131 da bu tehditlerin e\u015fitsiz b\u00f6l\u00fc\u015f\u00fcm\u00fcne yol a\u00e7\u0131yor.<\/p>\n<p>Ya\u015fad\u0131\u011f\u0131m\u0131z son iki y\u0131l neredeyse t\u00fcm \u00fclkelerde sa\u011fl\u0131k sisteminin sorunlar\u0131n\u0131 ve h\u00fck\u00fcmetlerin ekonomik \u00f6nceliklerini g\u00f6zler \u00f6n\u00fcne serdi. Vir\u00fcs\u00fcn yay\u0131lma dinami\u011fine kar\u015f\u0131 etkin m\u00fccadele, sa\u011fl\u0131k verilerinde \u015feffafl\u0131k, sa\u011fl\u0131k hizmetlerine \u00fccretsiz eri\u015fim, sa\u011fl\u0131k hizmetlerinin hasta, sa\u011fl\u0131k personeli ve kamu g\u00f6revlilerini i\u00e7eren t\u00fcm bile\u015fenlerin g\u00f6zetilerek sunulmas\u0131, tedavi i\u00e7in y\u00fcr\u00fct\u00fclen a\u015f\u0131 ve ila\u00e7 ara\u015ft\u0131rmalar\u0131 ve mali paketler dahil pandemiyle m\u00fccadelenin her a\u015famas\u0131nda bir insanl\u0131k krizine tan\u0131kl\u0131k ediyoruz. Sa\u011fl\u0131k hizmetlerinin toplumsal temelde bir insan hakk\u0131 ve kamu hizmeti olmaktan \u00e7\u0131kart\u0131larak \u00e7e\u015fitli bi\u00e7imlerde (piyasala\u015ft\u0131rma, \u00f6zelle\u015ftirme, metala\u015ft\u0131rma vb.) sermayenin g\u00fcd\u00fcm\u00fcnde birikim alan\u0131na sokuldu\u011fu, paras\u0131 olan\u0131n yararlanabildi\u011fi bir &#8220;sekt\u00f6re&#8221; d\u00f6n\u00fc\u015ft\u00fcr\u00fclmesinin toplumlar\u0131 y\u0131k\u0131ma s\u00fcr\u00fckleyen toplu bilan\u00e7osuyla kar\u015f\u0131 kar\u015f\u0131yay\u0131z! Haliyle pandemi s\u00fcrecini \u00f6zel m\u00fclkiyet ve kapitalist sistem, halk sa\u011fl\u0131\u011f\u0131, ekolojik y\u0131k\u0131m, toplumsal etik vd. t\u00fcm boyutlar\u0131yla birlikte yeniden masaya yat\u0131r\u0131ld\u0131\u011f\u0131, tart\u0131\u015f\u0131ld\u0131\u011f\u0131 bir s\u00fcre\u00e7ten ge\u00e7mekteyiz&#8230; Ya\u015fad\u0131\u011f\u0131m\u0131z vahim s\u00fcrecin bu y\u00f6n\u00fcndeki tart\u0131\u015fmalara katk\u0131da bulunmak ad\u0131na bizler de Katk\u0131 E-Dergi olarak, kapitalizm ba\u011flam\u0131nda pandemi ve halk sa\u011fl\u0131\u011f\u0131 konusunu ele\u015ftiri ve \u00e7\u0131k\u0131\u015f olanaklar\u0131yla birlikte de\u011ferlendirmeye a\u00e7mak \u00fczere yaz\u0131 \u00e7a\u011fr\u0131s\u0131nda bulunuyoruz.<\/p>\n<p>Ayr\u0131ca de\u011ferlendirilmek \u00fczere tema d\u0131\u015f\u0131 yaz\u0131lara da a\u00e7\u0131k oldu\u011fumuzu; amac\u0131m\u0131z gere\u011fi doktora ve y\u00fcksek lisans \u00f6\u011frencilerinin yaz\u0131lar\u0131na \u00f6ncelik verdi\u011fimizi \u00f6nemle belirtmek isteriz.<strong> May\u0131s 2022\u2019de yay\u0131nlanacak on ikinci say\u0131 i\u00e7in, yazarlar\u0131n 9 Mart tarihine kadar yaz\u0131lar\u0131n\u0131 g\u00f6ndermeleri gerekmektedir.<\/strong> Bu tarihten sonra g\u00f6nderilecek yaz\u0131lar maalesef hakemli dergi prosed\u00fcr\u00fc gere\u011fi de\u011ferlendirme d\u0131\u015f\u0131 kalacakt\u0131r. Katk\u0131 E-Dergi\u2019sine yaz\u0131lar T\u00fcrk\u00e7e veya \u0130ngilizce olarak Word dosyas\u0131nda elektronik olarak <a href=\"mailto:sav@katki.savakademi.org\">sav@katki.savakademi.org<\/a> mail adresine g\u00f6nderilmelidir. Kapak sayfas\u0131nda yazar\u0131n ad\u0131, adresi, telefon numaras\u0131, e-posta adresi ve yazar\u0131 tan\u0131tan en fazla \u00fc\u00e7 sat\u0131rl\u0131k bir not yer almal\u0131d\u0131r. Yazarlar, yaz\u0131lar\u0131n\u0131n kaynak\u00e7a hari\u00e7 12 bin kelimeyi ge\u00e7memesine dikkat etmelidir. Makalelerde ba\u015fl\u0131k, \u00f6zet (en fazla 200 kelime) ve anahtar kelimeler (en fazla 5 kelime) T\u00fcrk\u00e7e ve \u0130ngilizce olarak metinden \u00f6nce yer almal\u0131d\u0131r. Yaz\u0131lar\u0131n\u0131z\u0131 heyecanla bekliyoruz. Destek ve iyi dilekleriniz i\u00e7in te\u015fekk\u00fcr ederiz.<\/p>\n<p>Sayg\u0131lar\u0131m\u0131zla<\/p>\n<p>Katk\u0131 E-Dergi Yay\u0131n Kurulu[\/vc_column_text][\/vc_column][\/vc_row]<\/p>\n","protected":false},"excerpt":{"rendered":"<p>[vc_row css=&#8221;.vc_custom_1581864942770{padding-top: 30px !important;}&#8221;][vc_column][vc_text_separator title=&#8221;PANDEM\u0130, HALK SA\u011eLI\u011eI VE KAP\u0130TAL\u0130ZM&#8221; title_align=&#8221;separator_align_left&#8221; align=&#8221;align_left&#8221; color=&#8221;custom&#8221; css_animation=&#8221;fadeInRight&#8221; accent_color=&#8221;#ed1c24&#8243;][vc_column_text]Katk\u0131 E-Dergi, on ikinci say\u0131 temas\u0131n\u0131 Kapitalizm, Pandemi ve Halk Sa\u011fl\u0131\u011f\u0131 olarak belirledi.<span class=\"excerpt-hellip\"> [\u2026]<\/span><\/p>\n","protected":false},"author":1,"featured_media":0,"parent":0,"menu_order":0,"comment_status":"closed","ping_status":"closed","template":"","meta":{"footnotes":""},"class_list":["post-85","page","type-page","status-publish","hentry"],"_links":{"self":[{"href":"https:\/\/www.katki.savakademi.org\/index.php\/wp-json\/wp\/v2\/pages\/85"}],"collection":[{"href":"https:\/\/www.katki.savakademi.org\/index.php\/wp-json\/wp\/v2\/pages"}],"about":[{"href":"https:\/\/www.katki.savakademi.org\/index.php\/wp-json\/wp\/v2\/types\/page"}],"author":[{"embeddable":true,"href":"https:\/\/www.katki.savakademi.org\/index.php\/wp-json\/wp\/v2\/users\/1"}],"replies":[{"embeddable":true,"href":"https:\/\/www.katki.savakademi.org\/index.php\/wp-json\/wp\/v2\/comments?post=85"}],"version-history":[{"count":12,"href":"https:\/\/www.katki.savakademi.org\/index.php\/wp-json\/wp\/v2\/pages\/85\/revisions"}],"predecessor-version":[{"id":304,"href":"https:\/\/www.katki.savakademi.org\/index.php\/wp-json\/wp\/v2\/pages\/85\/revisions\/304"}],"wp:attachment":[{"href":"https:\/\/www.katki.savakademi.org\/index.php\/wp-json\/wp\/v2\/media?parent=85"}],"curies":[{"name":"wp","href":"https:\/\/api.w.org\/{rel}","templated":true}]}}